{"id":29,"date":"2025-07-06T17:47:47","date_gmt":"2025-07-06T17:47:47","guid":{"rendered":"https:\/\/aciplast.org\/?page_id=29"},"modified":"2026-04-10T21:46:57","modified_gmt":"2026-04-10T21:46:57","slug":"directorio-de-empresas","status":"publish","type":"page","link":"https:\/\/aciplast.org\/index.php\/directorio-de-empresas\/","title":{"rendered":"Directorio de Empresas"},"content":{"rendered":"<table width=\"1055\">\n<tbody>\n<tr>\n<td width=\"30\">#<\/td>\n<td width=\"280\">Empresa<\/td>\n<td width=\"384\">Actividad<\/td>\n<td width=\"158\">Tel\u00e9fono y Fax<\/td>\n<td width=\"203\">Sitio web<\/td>\n<\/tr>\n<tr>\n<td width=\"30\">1<\/td>\n<td width=\"280\">ABC Distribuciones S.A.<\/td>\n<td width=\"384\">Importaci\u00f3n y distribuci\u00f3n de envases pl\u00e1sticos y qu\u00edmicos especiales<\/td>\n<td width=\"158\">2257-0317 (Tel)<br \/>\n2257-0080 (Fax)<\/td>\n<td width=\"203\"><a href=\"https:\/\/brunagroup.com\/\">https:\/\/brunagroup.com\/<\/a><\/td>\n<\/tr>\n<tr>\n<td width=\"30\">2<\/td>\n<td>Agua Monta\u00f1a<\/td>\n<td width=\"384\">Importador y Comercializador de productos Plasticos<\/td>\n<td>86341395<\/td>\n<td><a href=\"https:\/\/www.facebook.com\/aguamontana.cr\/\">https:\/\/www.facebook.com\/aguamontana.cr\/<\/a><\/td>\n<\/tr>\n<tr>\n<td width=\"30\">3<\/td>\n<td width=\"280\">Alpla Costa Rica S.A.<\/td>\n<td width=\"384\">Inyecci\u00f3n, Soplado, botellas envases para bebidas, PET. Elaboraci\u00f3n Todo tipo de embalaje pl\u00e1stico.<\/td>\n<td width=\"158\">2263-9787 (Tel)<br \/>\n2263-9782 (Fax)<\/td>\n<td width=\"203\"><a href=\"https:\/\/www.alpla.com\">www.alpla.com<\/a><\/td>\n<\/tr>\n<tr>\n<td width=\"30\">4<\/td>\n<td>Arburg Injection Moulding Machines S.A<\/td>\n<td width=\"384\">Provedor de equipo de Inyecci\u00f3n<\/td>\n<td>+52 1 442 2095326<\/td>\n<td width=\"203\"><a href=\"https:\/\/www.arburg.com\">www.arburg.com<\/a><\/td>\n<\/tr>\n<tr>\n<td width=\"30\">5<\/td>\n<td width=\"280\">Branson Ultrasonics\/Emerson Electric C.R.Ltda,<\/td>\n<td width=\"384\">Equipo de soldadura\u00a0 y limpieza por ultrasonido<\/td>\n<td width=\"158\">2506-5300<br \/>\n2506-5592<\/td>\n<td width=\"203\"><a href=\"https:\/\/www.mundorep.com\/\">https:\/\/www.emerson.com\/es-cr\/automation\/branson<\/a><\/td>\n<\/tr>\n<tr>\n<td width=\"30\">6<\/td>\n<td width=\"280\">COLORQUIN AC, S.A<\/td>\n<td width=\"384\">Proveedor de Materias Primas, masterbatch, aditivos de todo tipo, resinas y material reciclado.<\/td>\n<td width=\"158\">25055440<\/td>\n<td width=\"203\"><\/td>\n<\/tr>\n<tr>\n<td width=\"30\">7<\/td>\n<td>Colorqu\u00edn S.A. Colorantes y Qu\u00edmicos de Centro Am\u00e9rica S.A.<\/td>\n<td width=\"384\">Representaciones y Distribuci\u00f3n de Materias Primas y Maquinaria para la Industria de Empaques Flexibles.<\/td>\n<td width=\"158\">2289-3323 (Tel)<br \/>\n2289-3241 (Fax)<\/td>\n<td width=\"203\"><\/td>\n<\/tr>\n<tr>\n<td width=\"30\">8<\/td>\n<td>Conexpertise Sociedad An\u00f3nima<\/td>\n<td width=\"384\">Comercializaci\u00f3n de materias primas para la industria pl\u00e1stica. Comercializaci\u00f3n\u00a0 de materiales y maquinaria desde China. Conexi\u00f3n de demandas con oferta\u00a0 en el mercado latinoamericano y Caribe. Asesor\u00edas y couching administrativo, operacional, comercail y financiero a negocios del \u00e1rea.<\/td>\n<td width=\"158\">83246364<\/td>\n<td width=\"203\"><a href=\"https:\/\/conexpertise.com\/\">https:\/\/conexpertise.com\/<\/a><\/td>\n<\/tr>\n<tr>\n<td width=\"30\">9<\/td>\n<td width=\"280\">Corporaci\u00f3n Andina S.A. (COANSA)<\/td>\n<td width=\"384\">Comercializaci\u00f3n de materias primas para la industria pl\u00e1stica.<\/td>\n<td width=\"158\">2239-9590 (Tel.)<br \/>\n2239-9593 (Fax)<\/td>\n<td width=\"203\"><a href=\"https:\/\/www.grupopetrop.com\/quienes-somos\/\">http:\/\/coansacorp.com\/<\/a><\/td>\n<\/tr>\n<tr>\n<td width=\"30\">10<\/td>\n<td>CORPORACI\u00d3N DECAPRIM S.A<\/td>\n<td width=\"384\">Transformador y comercializados de productos Pl\u00e1sticos, extursion, impresion, fabricacion y venta de todo tipo de bolsas plasticas, lisas o impresas, eb todos los colores, rollos plasticos.<\/td>\n<td>25241717<\/td>\n<td><\/td>\n<\/tr>\n<tr>\n<td width=\"30\">11<\/td>\n<td width=\"280\">Distribuidora Plastimex de Costa Rica S.A.<\/td>\n<td width=\"384\">Fabricaci\u00f3n de cajas agr\u00edcolas,<br \/>\nSillas plegables, sillas pl\u00e1sticas.<br \/>\nArt\u00edculos para el Hogar.<\/td>\n<td width=\"158\">2453-9270 (Tel)<br \/>\n2453-1873 (Fax)<\/td>\n<td width=\"203\"><a href=\"https:\/\/plastimexsa.com\/\">https:\/\/plastimexsa.com\/<\/a><\/td>\n<\/tr>\n<tr>\n<td width=\"30\">12<\/td>\n<td width=\"280\">Durman Esquivel S.A.<\/td>\n<td width=\"384\">Fabricaci\u00f3n de tuber\u00eda de P.V.C. Accesorios, perfiles y canoas de P.V.C.<\/td>\n<td width=\"158\">2436-4700 (Tel)<br \/>\n2436-4800 (Fax)<\/td>\n<td width=\"203\"><a href=\"https:\/\/durman.com\/\">https:\/\/durman.com\/<\/a><\/td>\n<\/tr>\n<tr>\n<td width=\"30\">13<\/td>\n<td width=\"280\">Empaques Pl\u00e1sticos Ltda<\/td>\n<td width=\"384\">Fabricaci\u00f3n y comercializaci\u00f3n productos de empaques y embalajes. Extrusi\u00f3n.<\/td>\n<td width=\"158\">2537-1115 (Tel)<br \/>\n2537-2717 (Fax)<\/td>\n<td width=\"203\"><a href=\"https:\/\/emplastcr.com\">https:\/\/emplastcr.com<\/a><\/td>\n<\/tr>\n<tr>\n<td width=\"30\">14<\/td>\n<td width=\"280\">Empaques Universal S.A.<\/td>\n<td width=\"384\">Conversi\u00f3n para empaque flexible, extrusi\u00f3n bolsas y empaques para la industria y agricultura<\/td>\n<td width=\"158\">4082-1001<\/td>\n<td width=\"203\"><a href=\"https:\/\/www.empaquesuniversal.com\/\">https:\/\/www.empaquesuniversal.com\/<\/a><\/td>\n<\/tr>\n<tr>\n<td width=\"30\">15<\/td>\n<td width=\"280\">Empaques y Productos de Pl\u00e1stico S.A.<\/td>\n<td width=\"384\">Extrusi\u00f3n Polietileno.<br \/>\nInyecci\u00f3n, soplado,\u00a0 envases para bebidas y alimentos<\/td>\n<td width=\"158\">2265-6500 (Tel)<br \/>\n2265-6600 (Fax)<\/td>\n<td width=\"203\"><a href=\"https:\/\/ingruplatam.com\">https:\/\/ingruplatam.com<\/a><\/td>\n<\/tr>\n<tr>\n<td width=\"30\">16<\/td>\n<td width=\"280\">Engel de M\u00e9xico<\/td>\n<td width=\"384\">Fabricaci\u00f3n de m\u00e1quinas de inyecci\u00f3n de pl\u00e1stico por moldeo: hidr\u00e1ulicas, h\u00edbridas y el\u00e9ctricas.<\/td>\n<td width=\"158\">8640-0381<\/td>\n<td width=\"203\"><a href=\"https:\/\/www.engelglobal.com\">www.engelglobal.com<\/a><\/td>\n<\/tr>\n<tr>\n<td width=\"30\">17<\/td>\n<td width=\"280\">Envases Comeca S.A. (Div. Unican)<\/td>\n<td width=\"384\">Fabricaci\u00f3n de envases PET convencional. Inyecci\u00f3n general y soplado.<\/td>\n<td width=\"158\">2257-7490 (Tel)<br \/>\n2257-6026 (Fax)<\/td>\n<td width=\"203\"><a href=\"https:\/\/unicancr.com\/\">https:\/\/unicancr.com\/<\/a><\/td>\n<\/tr>\n<tr>\n<td width=\"30\">18<\/td>\n<td width=\"280\">Envases Comerciales S.A. (ENVASA)<\/td>\n<td width=\"384\">Envases pl\u00e1sticos en general, envases P, tubos laminados y pl\u00e1sticos, tapas, moldes de inyecci\u00f3n y soplado,\u00a0 impresi\u00f3n.<\/td>\n<td width=\"158\">2547-0707 (Tel)<br \/>\n2256-1252\u00a0 (Fax)<\/td>\n<td width=\"203\"><a href=\"https:\/\/www.envasa.com\/\">https:\/\/www.envasa.com\/<\/a><\/td>\n<\/tr>\n<tr>\n<td width=\"30\">19<\/td>\n<td width=\"280\">Faroquimica<\/td>\n<td width=\"384\">Proveedor de Materias Primas<\/td>\n<td width=\"158\">22903694\/25200437<\/td>\n<td width=\"203\"><a href=\"https:\/\/faroquim.com\/\">https:\/\/faroquim.com\/<\/a><\/td>\n<\/tr>\n<tr>\n<td width=\"30\">20<\/td>\n<td width=\"280\">Feva y Asociados S.A.<\/td>\n<td width=\"384\">Resistencias, Termocuplas,<br \/>\nTefl\u00f3n, Purga, Manometros, Termometros\u00a0 componentes de Molde, Controles de Temperatura, cobijas t\u00e9rmicas.<\/td>\n<td width=\"158\">2221-4613 (Tel)<br \/>\n2255-0086 (Fax)<\/td>\n<td width=\"203\"><a href=\"http:\/\/fevasa.org\/\">http:\/\/fevasa.org\/<\/a><\/td>\n<\/tr>\n<tr>\n<td width=\"30\">21<\/td>\n<td width=\"280\">Gesti\u00f3n de Procesos Pl\u00e1sticos GMG S.A<\/td>\n<td width=\"384\">Proveedor de materias primas y de servicios, transformador y comercializador de productos pl\u00e1ticos<\/td>\n<td width=\"158\">2221-4041<\/td>\n<td width=\"203\"><a href=\"https:\/\/www.facebook.com\/profile.php?id=100083645973375\">https:\/\/www.facebook.com\/profile.php?id=100083645973375#<\/a><\/td>\n<\/tr>\n<tr>\n<td width=\"30\">22<\/td>\n<td>GESTOR SAVING PLANET S.A<\/td>\n<td width=\"384\">Transformador y comercializados de productos Pl\u00e1sticos,importador y comercializador de productos plasticos,proveedor de materias primas, extursion, fabricacion de bolsas maniguetas reciclada.<\/td>\n<td>62628271<\/td>\n<td><a href=\"https:\/\/wixxadmin.wixsite.com\/gestor-saving-planet\/contacto\">https:\/\/wixxadmin.wixsite.com\/gestor-saving-planet\/contacto<\/a><\/td>\n<\/tr>\n<tr>\n<td width=\"30\">23<\/td>\n<td>Great Packaging<\/td>\n<td width=\"384\">Importador y comerciaizador de productos pl\u00e1sticos<\/td>\n<td>34672176397<\/td>\n<td>www-great-packaging.com<\/td>\n<\/tr>\n<tr>\n<td width=\"30\">24<\/td>\n<td>Grener Group S.A<\/td>\n<td>Proveedor de Servicios<\/td>\n<td>22016869<\/td>\n<td><a href=\"http:\/\/www.crsostenible.com\/\">www.crsostenible.com<\/a><\/td>\n<\/tr>\n<tr>\n<td width=\"30\">25<\/td>\n<td width=\"280\">Grupo Ecoplast S.A.<\/td>\n<td width=\"384\">Procesos de fabricaci\u00f3n de pl\u00e1sticos.<\/td>\n<td width=\"158\">2447-9191 (Tel)<\/td>\n<td width=\"203\"><a href=\"http:\/\/www.grupoecoplast.com\/\">www.grupoecoplast.com<\/a><\/td>\n<\/tr>\n<tr>\n<td width=\"30\">26<\/td>\n<td width=\"280\">Grupo Mitasa S.A.<\/td>\n<td width=\"384\">Distribuci\u00f3n de Maquinaria y equipo en general para la industria de pl\u00e1sticos<\/td>\n<td width=\"158\">2250-5151\u00a0 (Tel)<br \/>\n2250-5553\u00a0\u00a0 (Fax)<\/td>\n<td width=\"203\"><a href=\"https:\/\/grupomitasa.com\/\">https:\/\/grupomitasa.com\/<\/a><\/td>\n<\/tr>\n<tr>\n<td width=\"30\">27<\/td>\n<td width=\"280\">Grupo Unilux deCosta Rica SRL<\/td>\n<td width=\"384\">Fabricaci\u00f3n de bolsas y rollos para paletizarl y reciclado de polietileno y polipropileno.<\/td>\n<td width=\"158\">2290 3398<\/td>\n<td width=\"203\"><a href=\"https:\/\/www.uniluxcostarica.com\/\">https:\/\/www.uniluxcostarica.com\/<\/a><\/td>\n<\/tr>\n<tr>\n<td width=\"30\">28<\/td>\n<td>Grupo Zoe<\/td>\n<td width=\"384\">Fleje,Revestimientos a base de cuarzo pl\u00e1stico, patas pl\u00e1sticas para muebles, pintura hecha con material pl\u00e1stico reciclado. Revestimiento y pinturas<\/td>\n<td>25894444<\/td>\n<td><a href=\"https:\/\/grupozoe.net\/\">https:\/\/grupozoe.net\/<\/a><\/td>\n<\/tr>\n<tr>\n<td width=\"30\">29<\/td>\n<td width=\"280\">Gualapack Costa Rica<\/td>\n<td width=\"384\">Empresa que trasnsforma y comercializa bolsas flexibles tipo doypack, inyecci\u00f3n y extrusi\u00f3n, fabricaci\u00f3n de m\u00e1quinas llenadoras para nuestros empaques<\/td>\n<td width=\"158\">40324000<\/td>\n<td width=\"203\"><a href=\"https:\/\/gualapack.com\/es\/latam\">https:\/\/gualapack.com\/es\/latam<\/a><\/td>\n<\/tr>\n<tr>\n<td width=\"30\">30<\/td>\n<td width=\"280\">Imporquim<\/td>\n<td width=\"384\">Importaci\u00f3n y distribuci\u00f3n de pol\u00edmeros, materias primas y especialidades qu\u00edmicas para diversos sectores industriales.<\/td>\n<td width=\"158\">24430055<\/td>\n<td><a href=\"https:\/\/www.imporquim.com\">www.imporquim.com<\/a><\/td>\n<\/tr>\n<tr>\n<td width=\"30\">31<\/td>\n<td>INDUSTIA PL\u00c1STICO TICO S.A<\/td>\n<td width=\"384\">Transformador y comercializados de productos Pl\u00e1sticos,importador y comercializador de productos plasticos, extrusi\u00f3n, venta de rollos desprendible y bolsa manigueta, serviciosdetodo tipo de empaques.<\/td>\n<td width=\"158\">22828717 \/ +506 8730 6291<\/td>\n<td><a href=\"http:\/\/www.plasticotico.com\/\">WWW.PLASTICOTICO.COM<\/a><\/td>\n<\/tr>\n<tr>\n<td width=\"30\">32<\/td>\n<td width=\"280\">Industrial de Oleaginosas Americanas<br \/>\nS.A. (INOLASA).<\/td>\n<td width=\"384\">Envases pl\u00e1sticos, extrusi\u00f3n, soplado, envases pl\u00e1sticos PET, envases para alimentos,<br \/>\ntapas inyectadas<\/td>\n<td width=\"158\">2663-0323\u00a0 (Tel)<br \/>\n2663-15-24\u00a0 (Fax)<br \/>\n2290-1990<br \/>\n2232-6541<\/td>\n<td width=\"203\"><a href=\"https:\/\/www.inolasa.com\/\">https:\/\/www.inolasa.com\/<\/a><\/td>\n<\/tr>\n<tr>\n<td width=\"30\">33<\/td>\n<td width=\"280\">Industrias Elegantes S.A. (INDELSA)<\/td>\n<td width=\"384\">Producci\u00f3n de empaques flexibles de polipropileno<\/td>\n<td width=\"158\">polyflex<br \/>\n2272-1282<\/td>\n<td width=\"203\"><a href=\"https:\/\/www.indelsacr.com\/\">https:\/\/www.indelsacr.com\/<\/a><\/td>\n<\/tr>\n<tr>\n<td width=\"30\">34<\/td>\n<td width=\"280\">Industrias Garend\u00a0 S.A.<\/td>\n<td width=\"384\">Extrusi\u00f3n, Polietileno<\/td>\n<td width=\"158\">2458-4343 (Tel)<br \/>\n2458-2246<\/td>\n<td width=\"203\"><a href=\"https:\/\/industriasgarend.com\/tienda\/index.php\">https:\/\/industriasgarend.com\/tienda\/index.php<\/a><\/td>\n<\/tr>\n<tr>\n<td width=\"30\">35<\/td>\n<td>INDUSTRIAS VINACHS SRL<\/td>\n<td width=\"384\">Transformador y comercializados de productos Pl\u00e1sticos, extursion, conversi\u00f3n\/ bolseo,produccion y Venta de bolsas pl\u00e1sticas.<\/td>\n<td>25730495<\/td>\n<td><\/td>\n<\/tr>\n<tr>\n<td width=\"30\">36<\/td>\n<td width=\"280\">Kelpac Medical S.A.<\/td>\n<td width=\"384\">Transformador y comercializador de productos pl\u00e1sticospara uso m\u00e9dico.<\/td>\n<td width=\"158\">2239-5959\u00a0 (Tel)<br \/>\n22329-6060 (Fax)<\/td>\n<td width=\"203\"><a href=\"https:\/\/www.spectrumplastics.com\/\">https:\/\/www.spectrumplastics.com\/<\/a><\/td>\n<\/tr>\n<tr>\n<td width=\"30\">37<\/td>\n<td width=\"280\">KETSIN<\/td>\n<td width=\"384\">Proveedor de materias primas y de servicios, transformador y comercializador de productos pl\u00e1ticos<\/td>\n<td width=\"158\"><a href=\"https:\/\/www.google.com\/search?q=ketsin&amp;oq=ketsin&amp;aqs=chrome..69i57j46i175i199i512j0i30l2j0i10i30j0i30l5.3062j0j7&amp;sourceid=chrome&amp;ie=UTF-8\">2239 5253<\/a><\/td>\n<td width=\"203\"><a href=\"https:\/\/www.grupoketsin.com\/\">https:\/\/www.grupoketsin.com\/<\/a><\/td>\n<\/tr>\n<tr>\n<td width=\"30\">38<\/td>\n<td width=\"280\">Lap de Costa Rica S.A.<br \/>\nLatin American Polymer<\/td>\n<td width=\"384\">Distribuci\u00f3n de resinas pl\u00e1sticas<br \/>\nPE,PP,PS para el mercado Latino Americano<\/td>\n<td width=\"158\">2289-0020\u00a0\u00a0\u00a0\u00a0 2289-0113 ext. 402<\/td>\n<td width=\"203\">NA<\/td>\n<\/tr>\n<tr>\n<td width=\"30\">39<\/td>\n<td width=\"280\">Microplast S.A.<\/td>\n<td width=\"384\">Soplado e inyecci\u00f3n, envases PET, contenedores, serigraf\u00eda, tapas y tapones<\/td>\n<td width=\"158\">4101-7200<\/td>\n<td width=\"203\"><a href=\"http:\/\/microplast.co.cr\/\">http:\/\/microplast.co.cr\/<\/a><\/td>\n<\/tr>\n<tr>\n<td width=\"30\">40<\/td>\n<td width=\"280\">Mundo Rep S.A.<\/td>\n<td width=\"384\">Proceso de reciclado pl\u00e1stico y resina reciclada.<\/td>\n<td width=\"158\">2238-5000 (Tel)<br \/>\n2262-1000 (Fax)<\/td>\n<td width=\"203\"><a href=\"https:\/\/www.mundorep.com\/\">https:\/\/www.mundorep.com\/<\/a><\/td>\n<\/tr>\n<tr>\n<td width=\"30\">41<\/td>\n<td width=\"280\">N.P.C. Color S.A.<\/td>\n<td width=\"384\">Suplidores de Master Batch y colorantes para la\u00a0 industria Pl\u00e1stica.<\/td>\n<td width=\"158\">2293-30-41\u00a0 (Tel)<br \/>\n2293-30-43\u00a0 (Fax)<\/td>\n<td width=\"203\">NA<\/td>\n<\/tr>\n<tr>\n<td width=\"30\">42<\/td>\n<td width=\"280\">Petroplastic Internacional<\/td>\n<td width=\"384\">Distribuidores de Materias Primas, como Resinas ( PE,PP,PS y compuestos PVC) MArterbach, concentrado de Colores y Aditivos<\/td>\n<td width=\"158\">44048910<\/td>\n<td width=\"203\"><a href=\"https:\/\/www.grupopetrop.com\/quienes-somos\/\">https:\/\/www.grupopetrop.com\/quienes-somos\/<\/a><\/td>\n<\/tr>\n<tr>\n<td width=\"30\">43<\/td>\n<td width=\"280\">Plastec USA (Solplas Latam)<\/td>\n<td width=\"384\">Proveedor de equipo de inyecci\u00f3n, extrusi\u00f3n, secadores, molinos, chillers, alimentacion de resinas y componentes de purga.<\/td>\n<td width=\"158\">70193501<\/td>\n<td width=\"203\"><a href=\"https:\/\/www.plastecusa.com\">www.plastecusa.com<\/a><\/td>\n<\/tr>\n<tr>\n<td width=\"30\">44<\/td>\n<td width=\"280\">Pl\u00e1sticos Altamonte S.A.<\/td>\n<td width=\"384\">Extrusi\u00f3n de polietileno de empaques para alimentos y bolsas de basura.<\/td>\n<td width=\"158\">2213-3940 (Tele)<br \/>\n2213-5772 (Fax)<\/td>\n<td width=\"203\"><a href=\"https:\/\/plasticosaltamonte.com\/\">https:\/\/plasticosaltamonte.com\/<\/a><\/td>\n<\/tr>\n<tr>\n<td width=\"30\">45<\/td>\n<td width=\"280\">Plasticos Dos Mil S.A.<\/td>\n<td width=\"384\">Soplado, Inyecci\u00f3n de envases pl\u00e1sticos<\/td>\n<td width=\"158\">2272 3149<\/td>\n<td width=\"203\"><a href=\"http:\/\/www.plasticodosmil.com\/\">http:\/\/www.plasticodosmil.com\/<\/a><\/td>\n<\/tr>\n<tr>\n<td width=\"30\">46<\/td>\n<td width=\"280\">Plasticos Martinez de Costa Rica S.A<\/td>\n<td width=\"384\">Provedor deservicios,extusi\u00f3n, impresi\u00f3n , conversion\/ bolseo<\/td>\n<td>40527680<\/td>\n<td>NA<\/td>\n<\/tr>\n<tr>\n<td width=\"30\">47<\/td>\n<td width=\"280\">Pl\u00e1sticos Puente S.A.<\/td>\n<td width=\"384\">Extrusi\u00f3n, fabricantes de empaque para bolsas pl\u00e1sticas, uso general e industrial<\/td>\n<td width=\"158\">2293-8463\u00a0 (Tel)<br \/>\n2293-8511\u00a0 (Fax)<\/td>\n<td width=\"203\">NA<\/td>\n<\/tr>\n<tr>\n<td width=\"30\">48<\/td>\n<td width=\"280\">Pl\u00e1sticos Uchosa Centroamericana\u00a0 S.A.<\/td>\n<td width=\"384\">Envases y productos inyectados. Cubetas, basureros, Vasos, Jarras, escurridores, recipientes para microondas.<\/td>\n<td width=\"158\">2296-7878 (Tel)<br \/>\n2290-7783 (Fax)<\/td>\n<td width=\"203\"><a href=\"https:\/\/plasticos-uchosa.com\/\">https:\/\/plasticos-uchosa.com\/<\/a><\/td>\n<\/tr>\n<tr>\n<td width=\"30\">49<\/td>\n<td width=\"280\">Plastimol<\/td>\n<td width=\"384\">Transformador y comercializados de productos Pl\u00e1sticos, soplado.<\/td>\n<td>22655002<\/td>\n<td><\/td>\n<\/tr>\n<tr>\n<td width=\"30\">50<\/td>\n<td width=\"280\">Plastipol S.A.<\/td>\n<td width=\"384\">Pel\u00edcula soplado, bolsas lisas impresas, termoencogibles, dise\u00f1os de empaques industriales<\/td>\n<td width=\"158\">2271-4371 (Tel)<br \/>\n2271-4352 (Fax)<\/td>\n<td><a href=\"https:\/\/www.plastipolcr.com\/\">https:\/\/www.plastipolcr.com\/<\/a><\/td>\n<\/tr>\n<tr>\n<td width=\"30\">51<\/td>\n<td width=\"280\">Politec<\/td>\n<td width=\"384\">Bolsas pl\u00e1sticas de polietileno<\/td>\n<td width=\"158\">NA<\/td>\n<td width=\"203\">NA<\/td>\n<\/tr>\n<tr>\n<td width=\"30\">52<\/td>\n<td width=\"280\">POLYCOLOR DE COSTA RICA S.A.<\/td>\n<td width=\"384\">Fabricaci\u00f3n y distribuci\u00f3n de Master batch y aditivos para la industria pl\u00e1stica.<\/td>\n<td width=\"158\">50231296791<\/td>\n<td width=\"203\"><a href=\"https:\/\/www.polycolor-ca.com\">www.polycolor-ca.com<\/a><\/td>\n<\/tr>\n<tr>\n<td width=\"30\">53<\/td>\n<td width=\"280\">Polyflex S.A.<\/td>\n<td width=\"384\">Bolsas y empaque de polietileno<br \/>\n(Proceso extrusi\u00f3n)<\/td>\n<td width=\"158\">2272-6560 (Tel)<br \/>\n2271-2570 (Fax)<\/td>\n<td width=\"203\"><a href=\"https:\/\/polyflex-cr.com\/\">https:\/\/polyflex-cr.com\/<\/a><\/td>\n<\/tr>\n<tr>\n<td width=\"30\">54<\/td>\n<td width=\"280\">Polymer S.A.<\/td>\n<td width=\"384\">Bolsas pl\u00e1sticas, polietileno y empaques consumo masivo, industrial y agr\u00edcola<\/td>\n<td width=\"158\">2264-5000 Constenla<br \/>\n2436-7000 ext.7669<br \/>\nPolymer<br \/>\n2436-7100 (Fax)<\/td>\n<td width=\"203\"><a href=\"http:\/\/www.polymersa.com\/\">http:\/\/www.polymersa.com\/<\/a><\/td>\n<\/tr>\n<tr>\n<td width=\"30\">55<\/td>\n<td width=\"280\">Privarsa<\/td>\n<td width=\"384\">Componentes y productos para moldes, resistencias, sistemas de colada caliente, controles de temperatura, puraga, sistemas de enfiramiento, productos de automatizaci\u00f3n4<\/td>\n<td width=\"158\">50234636128\u00a0\u00a0 528136482883<\/td>\n<td width=\"203\"><a href=\"https:\/\/www.privarsa.com.mx\">www.privarsa.com.mx<\/a><\/td>\n<\/tr>\n<tr>\n<td width=\"30\">56<\/td>\n<td width=\"280\">Productos de Espuma S.A.<\/td>\n<td width=\"384\">Tubos, varillas, l\u00e1minas, redes, perfiles y poliuretano<\/td>\n<td width=\"158\">2438-2322 (Tel)<br \/>\n2438-2341 (Fax)<\/td>\n<td width=\"203\"><a href=\"https:\/\/www.prodexcr.com\/\">https:\/\/www.prodexcr.com\/<\/a><\/td>\n<\/tr>\n<tr>\n<td width=\"30\">57<\/td>\n<td width=\"280\">Productos T\u00e9cnicos para Centroam\u00e9rica y el Caribe (Producol)<\/td>\n<td width=\"384\">Fabricantes de madera pl\u00e1stica reciclada, tarimas etc. paletas de pl\u00e1stico.<\/td>\n<td width=\"158\">2290-3050 Planta<br \/>\n2291-3930 Fax<\/td>\n<td width=\"203\"><a href=\"https:\/\/www.producol.net\/\">https:\/\/www.producol.net\/<\/a><\/td>\n<\/tr>\n<tr>\n<td width=\"30\">58<\/td>\n<td width=\"280\">Rafytica Responsabilidad Ltda.<\/td>\n<td width=\"384\">Fabricaci\u00f3n de sacos de polipropileno<\/td>\n<td width=\"158\">2438-2292 (Tel.)<br \/>\nExt.123<br \/>\n2438-2305 (Tel.)<br \/>\n2438-4305 (Fax)<\/td>\n<td width=\"203\"><a href=\"https:\/\/www.rafytica.com\">www.rafytica.com<\/a><\/td>\n<\/tr>\n<tr>\n<td width=\"30\">59<\/td>\n<td width=\"280\">Ravago Costa Rica S.A.<\/td>\n<td width=\"384\">Suplidores de materias primas, resinas pl\u00e1sticas.<\/td>\n<td width=\"158\">2245-1206 (Tel)<br \/>\n2235-2708 (Fax)<\/td>\n<td width=\"203\">NA<\/td>\n<\/tr>\n<tr>\n<td width=\"30\">60<\/td>\n<td>Reciclaje Luna<\/td>\n<td width=\"384\">Fabricacion Bolsas Plasticas para basura y empaque Rollo Plastico negro<\/td>\n<td>25372006\/25370612<\/td>\n<td><a href=\"https:\/\/www.facebook.com\/p\/Reciclaje-Luna-100087982266803\/?locale=es_LA\">https:\/\/www.facebook.com\/p\/Reciclaje-Luna-100087982266803\/?locale=es_LA<\/a><\/td>\n<\/tr>\n<tr>\n<td width=\"30\">61<\/td>\n<td>Recipet de Occidente S. A.<\/td>\n<td>Transformador<\/td>\n<td width=\"158\">64885694 6282999<\/td>\n<td><a href=\"https:\/\/recipetcr.com\/\">https:\/\/recipetcr.com\/<\/a><\/td>\n<\/tr>\n<tr>\n<td width=\"30\">62<\/td>\n<td width=\"280\">Representaciones Cosalco S.A.<\/td>\n<td width=\"384\">Distribuidor e importador de materia primas para la Industria del Pl\u00e1stico y de empaque. Tarimas pl\u00e1sticas cintas de empaque materias primas para flexo graf\u00eda.<\/td>\n<td width=\"158\">4032-1630 (Tel)<\/td>\n<td width=\"203\"><a href=\"https:\/\/cosalco.com\/\">https:\/\/cosalco.com\/<\/a><\/td>\n<\/tr>\n<tr>\n<td width=\"30\">63<\/td>\n<td width=\"280\">Resinplast\u00a0 S.A.<\/td>\n<td width=\"384\">Pl\u00e1sticos laminados para empaques alimentarios.<\/td>\n<td width=\"158\">2435-7557 (Telefax)<\/td>\n<td width=\"203\"><a href=\"https:\/\/www.resinplast.com\/\">https:\/\/www.resinplast.com\/<\/a><\/td>\n<\/tr>\n<tr>\n<td width=\"30\">64<\/td>\n<td width=\"280\">SMI San Miguel Industrias PET<\/td>\n<td width=\"384\">Preformas PET y envasados PET<\/td>\n<td width=\"158\">2304-9200<\/td>\n<td width=\"203\"><a href=\"https:\/\/www.smi.com.pe\/\">https:\/\/www.smi.com.pe\/<\/a><\/td>\n<\/tr>\n<tr>\n<td width=\"30\">65<\/td>\n<td>SOLPACK<\/td>\n<td width=\"384\">Importador y comercializador de productos plasticos, Empaque Flexible<\/td>\n<td>22242200<\/td>\n<td><a href=\"https:\/\/solpack.net\/\">https:\/\/solpack.net\/<\/a><\/td>\n<\/tr>\n<tr>\n<td width=\"30\">66<\/td>\n<td>SOLUCIONES DE EMPAQUES TECNICO S.A<\/td>\n<td width=\"384\">Transformador y comercializados de productos Pl\u00e1sticos, comerzalizacion de bolsas pl\u00e1sticas, compostables,biobasadas oxobiodegradable.<\/td>\n<td>47037767<\/td>\n<td><\/td>\n<\/tr>\n<tr>\n<td width=\"30\">67<\/td>\n<td width=\"280\">SOLUPLAC INVERSIONES S.A.<\/td>\n<td width=\"384\">Reciclaje de Pl\u00e1sticos para bolsas multiusos<\/td>\n<td width=\"158\">7286-1282 (Tel)<br \/>\n8695-7667<\/td>\n<td width=\"203\">NA<\/td>\n<\/tr>\n<tr>\n<td width=\"30\">68<\/td>\n<td>Soplado e Inyecci\u00f3n de Pl\u00e1sticos S.A<\/td>\n<td width=\"384\">Transformador y comercializados de productos Pl\u00e1sticos, importador y comerzalizador de productos pl\u00e1sticos, inyecci\u00f3n, extrusi\u00f3n, soplado e impresi\u00f3n<\/td>\n<td>22155120<\/td>\n<td><a href=\"https:\/\/www.sopladocr.com\">https:\/\/www.sopladocr.com<\/a><\/td>\n<\/tr>\n<tr>\n<td width=\"30\">69<\/td>\n<td width=\"280\">Sun Chemical De Costa Rica S.A<\/td>\n<td>Proveedor de resinas pl\u00e1sticas.<\/td>\n<td>25372222 ext 14<\/td>\n<td>sunchemical.com<\/td>\n<\/tr>\n<tr>\n<td width=\"30\">70<\/td>\n<td>Tecnimatriz<\/td>\n<td width=\"384\">Transformador y comercializados de productos Pl\u00e1sticos, proveedor de servicios, Inyecci\u00f3n e impresi\u00f3n<\/td>\n<td width=\"158\">22312863 \/ 22200869<\/td>\n<td><a href=\"https:\/\/www.tecnimatriz.com\">www.tecnimatriz.com<\/a><\/td>\n<\/tr>\n<tr>\n<td width=\"30\">71<\/td>\n<td width=\"280\">Totaltecnica S.A.<\/td>\n<td width=\"384\">Fabricaci\u00f3n de bolsas y escobas de polietileno, extrusi\u00f3n e inyecci\u00f3n, uso industrial y comercio.<\/td>\n<td width=\"158\">2257-0887\u00a0 (Tel)<br \/>\n2233-2329\u00a0 (Fax)<\/td>\n<td width=\"203\"><a href=\"https:\/\/www.totaltecnica.com\/empresa\">https:\/\/www.totaltecnica.com\/empresa<\/a><\/td>\n<\/tr>\n<tr>\n<td width=\"30\">72<\/td>\n<td width=\"280\">Trademark Plastic Corporation<\/td>\n<td width=\"384\">Proveedor de resinas pl\u00e1sticas.<\/td>\n<td width=\"158\">8898-0784<br \/>\n4031-2544<\/td>\n<td width=\"203\">NA<\/td>\n<\/tr>\n<tr>\n<td width=\"30\">73<\/td>\n<td width=\"280\">UNIVAR SOLUTIONS (DISTRIBUIDORA Chem Sol de Costa Rica S.A)<\/td>\n<td>Proveedor de materias primas<\/td>\n<td>7103 2188<\/td>\n<td><a href=\"https:\/\/www.univarsolutions.com\/\">https:\/\/www.univarsolutions.com\/<\/a><\/td>\n<\/tr>\n<\/tbody>\n<\/table>\n<p>&nbsp;<\/p>\n<p>\u00daltima actualizaci\u00f3n: 30 de marzo 2026<\/p>\n","protected":false},"excerpt":{"rendered":"<p># Empresa Actividad Tel\u00e9fono y Fax Sitio web 1 ABC Distribuciones S.A. Importaci\u00f3n y distribuci\u00f3n de envases pl\u00e1sticos y qu\u00edmicos especiales 2257-0317 (Tel) 2257-0080 (Fax) https:\/\/brunagroup.com\/ 2 Agua Monta\u00f1a Importador y Comercializador de productos Plasticos 86341395 https:\/\/www.facebook.com\/aguamontana.cr\/ 3 Alpla Costa Rica S.A. Inyecci\u00f3n, Soplado, botellas envases para bebidas, PET. Elaboraci\u00f3n Todo tipo de embalaje pl\u00e1stico. [&hellip;]<\/p>\n","protected":false},"author":3,"featured_media":30,"parent":0,"menu_order":0,"comment_status":"closed","ping_status":"closed","template":"page-templates\/directorio-page.php","meta":{"_acf_changed":false,"_crdt_document":"","footnotes":""},"class_list":["post-29","page","type-page","status-publish","has-post-thumbnail","hentry"],"acf":[],"_links":{"self":[{"href":"https:\/\/aciplast.org\/index.php\/wp-json\/wp\/v2\/pages\/29","targetHints":{"allow":["GET"]}}],"collection":[{"href":"https:\/\/aciplast.org\/index.php\/wp-json\/wp\/v2\/pages"}],"about":[{"href":"https:\/\/aciplast.org\/index.php\/wp-json\/wp\/v2\/types\/page"}],"author":[{"embeddable":true,"href":"https:\/\/aciplast.org\/index.php\/wp-json\/wp\/v2\/users\/3"}],"replies":[{"embeddable":true,"href":"https:\/\/aciplast.org\/index.php\/wp-json\/wp\/v2\/comments?post=29"}],"version-history":[{"count":15,"href":"https:\/\/aciplast.org\/index.php\/wp-json\/wp\/v2\/pages\/29\/revisions"}],"predecessor-version":[{"id":80,"href":"https:\/\/aciplast.org\/index.php\/wp-json\/wp\/v2\/pages\/29\/revisions\/80"}],"wp:featuredmedia":[{"embeddable":true,"href":"https:\/\/aciplast.org\/index.php\/wp-json\/wp\/v2\/media\/30"}],"wp:attachment":[{"href":"https:\/\/aciplast.org\/index.php\/wp-json\/wp\/v2\/media?parent=29"}],"curies":[{"name":"wp","href":"https:\/\/api.w.org\/{rel}","templated":true}]}}