{"id":36,"date":"2025-07-07T23:10:50","date_gmt":"2025-07-07T23:10:50","guid":{"rendered":"https:\/\/aciplast.org\/?page_id=36"},"modified":"2026-02-09T17:43:55","modified_gmt":"2026-02-09T17:43:55","slug":"quienes-somos","status":"publish","type":"page","link":"https:\/\/aciplast.org\/index.php\/quienes-somos\/","title":{"rendered":"Quienes Somos"},"content":{"rendered":"<p><strong>ACIPLAST<\/strong><\/p>\n<p>\u201cACIPLAST\u201d fue constituida formalmente en el a\u00f1o 1983, como una organizaci\u00f3n gremial privada sin fines de lucro que representa el sector industrial del pl\u00e1stico. Actualmente, agremia a 74 empresas.<\/p>\n<p>En promedio el sector brinda 14 000 empleos, siendo las PYMES generadoras del 44% de este. En 2023 tuvo exportaciones del orden de los $529 millones.<\/p>\n<p>Somos una organizaci\u00f3n orientada hacia la b\u00fasqueda de la mejora continua, y el fortalecimiento del posicionamiento competitivo de las empresas del sector industrial del pl\u00e1stico.<\/p>\n<p>Estamos afiliados a la Uni\u00f3n Costarricense de C\u00e1maras y Asociaciones de la Empresa Privada \u00abUCCAEP\u00bb, Asociaci\u00f3n Latinoamericana de la Industria Pl\u00e1stica \u00abALIPLAST\u00bb y Federaci\u00f3n de Industrias Centroamericanas de Pl\u00e1stico \u201cFICAPLAST\u201d entre otras representaciones.<\/p>\n<p><strong>Misi\u00f3n<\/strong>:<\/p>\n<p>Representar a la industria pl\u00e1stica costarricense, garantizando la permanencia, sostenibilidad y competitividad de las empresas asociadas, favoreciendo el desarrollo del pa\u00eds a trav\u00e9s de la generaci\u00f3n de empleo, inversi\u00f3n e innovaci\u00f3n.<\/p>\n<p><strong>Visi\u00f3n<\/strong>:<\/p>\n<p>Ser el referente e impulsor en la transformaci\u00f3n hacia una industria pl\u00e1stica circular y sostenible, promoviendo el crecimiento, la eficiencia y competitividad regional.<\/p>\n<p>&nbsp;<\/p>\n<p><strong>JUNTA DIRECTIVA<\/strong><\/p>\n<p><img fetchpriority=\"high\" decoding=\"async\" class=\"aligncenter wp-image-45 size-full\" src=\"https:\/\/aciplast.org\/wp-content\/uploads\/2025\/08\/junt-directiva-2025-2026.png\" alt=\"\" width=\"1587\" height=\"2245\" srcset=\"https:\/\/aciplast.org\/wp-content\/uploads\/2025\/08\/junt-directiva-2025-2026.png 1587w, https:\/\/aciplast.org\/wp-content\/uploads\/2025\/08\/junt-directiva-2025-2026-212x300.png 212w, https:\/\/aciplast.org\/wp-content\/uploads\/2025\/08\/junt-directiva-2025-2026-724x1024.png 724w, https:\/\/aciplast.org\/wp-content\/uploads\/2025\/08\/junt-directiva-2025-2026-768x1086.png 768w, https:\/\/aciplast.org\/wp-content\/uploads\/2025\/08\/junt-directiva-2025-2026-1086x1536.png 1086w, https:\/\/aciplast.org\/wp-content\/uploads\/2025\/08\/junt-directiva-2025-2026-1448x2048.png 1448w\" sizes=\"(max-width: 1587px) 100vw, 1587px\" \/><\/p>\n<p>&nbsp;<\/p>\n","protected":false},"excerpt":{"rendered":"<p>ACIPLAST \u201cACIPLAST\u201d fue constituida formalmente en el a\u00f1o 1983, como una organizaci\u00f3n gremial privada sin fines de lucro que representa el sector industrial del pl\u00e1stico. Actualmente, agremia a 74 empresas. En promedio el sector brinda 14 000 empleos, siendo las PYMES generadoras del 44% de este. En 2023 tuvo exportaciones del orden de los $529 [&hellip;]<\/p>\n","protected":false},"author":3,"featured_media":0,"parent":0,"menu_order":0,"comment_status":"closed","ping_status":"closed","template":"page-templates\/quienes-page.php","meta":{"_acf_changed":false,"_crdt_document":"","footnotes":""},"class_list":["post-36","page","type-page","status-publish","hentry"],"acf":[],"_links":{"self":[{"href":"https:\/\/aciplast.org\/index.php\/wp-json\/wp\/v2\/pages\/36","targetHints":{"allow":["GET"]}}],"collection":[{"href":"https:\/\/aciplast.org\/index.php\/wp-json\/wp\/v2\/pages"}],"about":[{"href":"https:\/\/aciplast.org\/index.php\/wp-json\/wp\/v2\/types\/page"}],"author":[{"embeddable":true,"href":"https:\/\/aciplast.org\/index.php\/wp-json\/wp\/v2\/users\/3"}],"replies":[{"embeddable":true,"href":"https:\/\/aciplast.org\/index.php\/wp-json\/wp\/v2\/comments?post=36"}],"version-history":[{"count":6,"href":"https:\/\/aciplast.org\/index.php\/wp-json\/wp\/v2\/pages\/36\/revisions"}],"predecessor-version":[{"id":71,"href":"https:\/\/aciplast.org\/index.php\/wp-json\/wp\/v2\/pages\/36\/revisions\/71"}],"wp:attachment":[{"href":"https:\/\/aciplast.org\/index.php\/wp-json\/wp\/v2\/media?parent=36"}],"curies":[{"name":"wp","href":"https:\/\/api.w.org\/{rel}","templated":true}]}}